{"id":456,"date":"2024-02-27T09:22:38","date_gmt":"2024-02-27T09:22:38","guid":{"rendered":"https:\/\/rrdevs.net\/demos\/wp\/optiboom\/?page_id=456"},"modified":"2024-09-17T08:00:04","modified_gmt":"2024-09-17T06:00:04","slug":"contact","status":"publish","type":"page","link":"https:\/\/free-remontada.com\/index.php\/contact\/","title":{"rendered":"Contact"},"content":{"rendered":"\t\t<div data-elementor-type=\"wp-page\" data-elementor-id=\"456\" class=\"elementor elementor-456\">\n\t\t\t\t<div class=\"elementor-element elementor-element-19a435a bg-grey e-flex e-con-boxed e-con e-parent\" data-id=\"19a435a\" data-element_type=\"container\">\n\t\t\t\t\t<div class=\"e-con-inner\">\n\t\t<div class=\"elementor-element elementor-element-35bed4e e-con-full e-flex e-con e-child\" data-id=\"35bed4e\" data-element_type=\"container\">\n\t\t\t\t<div class=\"elementor-element elementor-element-a2fc920 elementor-widget elementor-widget-heading\" data-id=\"a2fc920\" data-element_type=\"widget\" data-widget_type=\"heading.default\">\n\t\t\t\t<div class=\"elementor-widget-container\">\n\t\t\t<h2 class=\"elementor-heading-title elementor-size-default\">Restons en contact<\/h2>\t\t<\/div>\n\t\t\t\t<\/div>\n\t\t\t\t<div class=\"elementor-element elementor-element-503d0a7 elementor-widget elementor-widget-text-editor\" data-id=\"503d0a7\" data-element_type=\"widget\" data-widget_type=\"text-editor.default\">\n\t\t\t\t<div class=\"elementor-widget-container\">\n\t\t\t\t\t\t\t<p>Vous avez explor\u00e9 notre univers, d\u00e9couvert <span style=\"color: #f0932b;\">Jonas<\/span>, notre assistant IA r\u00e9volutionnaire, et vu comment le <span style=\"color: #f0932b;\">contenu UGC<\/span> donne vie \u00e0 des histoires authentiques. Vous avez vu nos <span style=\"color: #f0932b;\">campagnes marketing percutantes<\/span>, fa\u00e7onn\u00e9es pour captiver et convertir. Maintenant, c&rsquo;est \u00e0 votre tour de prendre les r\u00eanes.<\/p><p>Envie de faire d\u00e9coller votre marque vers de nouveaux horizons ? Que ce soit pour discuter de strat\u00e9gies marketing innovantes, de l&rsquo;int\u00e9gration d&rsquo;une IA dans vos interactions clients, ou simplement pour dire bonjour, nous sommes l\u00e0 pour vous \u00e9couter.<\/p><p>Chez <span style=\"color: #f0932b;\">FREE-REMONTADA<\/span>, chaque id\u00e9e, chaque projet commence par un \u00e9change. Laissez-nous transformer vos ambitions en r\u00e9alit\u00e9. Un simple message peut ouvrir les portes \u00e0 des collaborations qui changent tout.<\/p><p>Que ce soit pour am\u00e9liorer votre pr\u00e9sence digitale, cr\u00e9er des campagnes qui frappent fort, ou automatiser votre service client avec une IA personnalis\u00e9e, nous sommes l\u00e0 pour donner vie \u00e0 vos id\u00e9es. Alors, pourquoi attendre ?<\/p><p>Remplissez le formulaire ci-dessous, et parlons avenir !<\/p>\t\t\t\t\t\t<\/div>\n\t\t\t\t<\/div>\n\t\t\t\t<\/div>\n\t\t<div class=\"elementor-element elementor-element-2afab21 e-con-full e-flex e-con e-child\" data-id=\"2afab21\" data-element_type=\"container\">\n\t\t\t\t<div class=\"elementor-element elementor-element-4d002bc elementor-widget elementor-widget-contact_form\" data-id=\"4d002bc\" data-element_type=\"widget\" data-widget_type=\"contact_form.default\">\n\t\t\t\t<div class=\"elementor-widget-container\">\n\t\t\t<div class=\"contact-form\">\r\n    <div class=\"request-form\">\r\n                \n<div class=\"wpcf7 no-js\" id=\"wpcf7-f3342-o1\" lang=\"en-US\" dir=\"ltr\">\n<div class=\"screen-reader-response\"><p role=\"status\" aria-live=\"polite\" aria-atomic=\"true\"><\/p> <ul><\/ul><\/div>\n<form action=\"\/index.php\/wp-json\/wp\/v2\/pages\/456#wpcf7-f3342-o1\" method=\"post\" class=\"wpcf7-form init\" aria-label=\"Contact form\" novalidate=\"novalidate\" data-status=\"init\">\n<div style=\"display: none;\">\n<input type=\"hidden\" name=\"_wpcf7\" value=\"3342\" \/>\n<input type=\"hidden\" name=\"_wpcf7_version\" value=\"5.9.8\" \/>\n<input type=\"hidden\" name=\"_wpcf7_locale\" value=\"en_US\" \/>\n<input type=\"hidden\" name=\"_wpcf7_unit_tag\" value=\"wpcf7-f3342-o1\" \/>\n<input type=\"hidden\" name=\"_wpcf7_container_post\" value=\"0\" \/>\n<input type=\"hidden\" name=\"_wpcf7_posted_data_hash\" value=\"\" \/>\n<\/div>\n<div id=\"ajax_contact\" class=\"form-horizontal\">\n    <div class=\"form-group row\">\n        <div class=\"col-md-6\">\n            <span class=\"wpcf7-form-control-wrap\" data-name=\"fullname\"><input size=\"40\" maxlength=\"400\" class=\"wpcf7-form-control wpcf7-text wpcf7-validates-as-required form-control\" aria-required=\"true\" aria-invalid=\"false\" placeholder=\"Votre nom\" value=\"\" type=\"text\" name=\"fullname\" \/><\/span>\n        <\/div>\n        <div class=\"col-md-6\">\n            <span class=\"wpcf7-form-control-wrap\" data-name=\"your-email\"><input size=\"40\" maxlength=\"400\" class=\"wpcf7-form-control wpcf7-email wpcf7-validates-as-required wpcf7-text wpcf7-validates-as-email form-control\" aria-required=\"true\" aria-invalid=\"false\" placeholder=\"Votre e-mail\" value=\"\" type=\"email\" name=\"your-email\" \/><\/span>\n        <\/div>\n    <\/div>\n    <div class=\"form-group row\">\n        <div class=\"col-md-6\">\n            <span class=\"wpcf7-form-control-wrap\" data-name=\"phone\"><input size=\"40\" maxlength=\"400\" class=\"wpcf7-form-control wpcf7-text wpcf7-validates-as-required form-control\" aria-required=\"true\" aria-invalid=\"false\" placeholder=\"T\u00e9l\u00e9phone\" value=\"\" type=\"text\" name=\"phone\" \/><\/span>\n        <\/div>\n        <div class=\"col-md-6\">\n            <!-- Suppression du champ de s\u00e9lection \"Sort by popular\" -->\n        <\/div>\n    <\/div>\n    <div class=\"form-group row\">\n        <div class=\"col-md-12\">\n            <span class=\"wpcf7-form-control-wrap\" data-name=\"message\"><textarea cols=\"40\" rows=\"10\" maxlength=\"2000\" class=\"wpcf7-form-control wpcf7-textarea wpcf7-validates-as-required form-control\" aria-required=\"true\" aria-invalid=\"false\" placeholder=\"Votre message\" name=\"message\"><\/textarea><\/span>\n        <\/div>\n    <\/div>\n    <div class=\"submit-btn text-center\">\n        <input class=\"wpcf7-form-control wpcf7-submit has-spinner pb-primary-btn\" type=\"submit\" value=\"Envoyer un message\" \/>\n    <\/div>\n<\/div>\n\n<style>\n\/* Styles pour le bouton et les champs du formulaire *\/\n.pb-primary-btn {\n    background-color: #f0932b !important; \/* Couleur de fond visible *\/\n    color: #ffffff !important; \/* Couleur du texte contrast\u00e9e *\/\n    padding: 10px 20px; \/* Espacement interne *\/\n    border-radius: 5px; \/* Coins arrondis *\/\n    border: none; \/* Retirer les bordures *\/\n    font-size: 16px;\n    cursor: pointer;\n    transition: background-color 0.3s ease;\n}\n\n\/* Changement de couleur au survol du bouton *\/\n.pb-primary-btn:hover {\n    background-color: #d9801f !important;\n}\n\n\/* Assurer que le bouton est visible sur mobile *\/\n@media (max-width: 768px) {\n    .pb-primary-btn {\n        display: inline-block !important;\n        width: 100%; \/* Prendre toute la largeur *\/\n        background-color: #f0932b !important;\n    }\n}\n\n\/* Assurer que les champs du formulaire sont visibles correctement *\/\n.form-control {\n    background-color: #fff;\n    border: 1px solid #ccc;\n    padding: 10px;\n    font-size: 14px;\n    border-radius: 4px;\n    box-shadow: none;\n}\n\n.form-control:focus {\n    border-color: #f0932b; \/* Couleur de focus *\/\n    box-shadow: 0 0 5px rgba(240, 147, 43, 0.5);\n}\n\n<\/style><div class=\"wpcf7-response-output\" aria-hidden=\"true\"><\/div>\n<\/form>\n<\/div>\n\r\n            <\/div>\r\n<\/div>\r\n\r\n\r\n\t\t<\/div>\n\t\t\t\t<\/div>\n\t\t\t\t<\/div>\n\t\t\t\t\t<\/div>\n\t\t\t\t<\/div>\n\t\t\t\t<\/div>\n\t\t","protected":false},"excerpt":{"rendered":"<p>Restons en contact Vous avez explor\u00e9 notre univers, d\u00e9couvert Jonas, notre assistant IA r\u00e9volutionnaire, et vu comment le contenu UGC donne vie \u00e0 des histoires authentiques. Vous avez vu nos campagnes marketing percutantes, fa\u00e7onn\u00e9es pour captiver et convertir. Maintenant, c&rsquo;est \u00e0 votre tour de prendre les r\u00eanes. Envie de faire d\u00e9coller votre marque vers de [&hellip;]<\/p>\n","protected":false},"author":1,"featured_media":0,"parent":0,"menu_order":0,"comment_status":"closed","ping_status":"closed","template":"elementor_header_footer","meta":{"_acf_changed":false,"footnotes":""},"class_list":["post-456","page","type-page","status-publish","hentry"],"acf":[],"_links":{"self":[{"href":"https:\/\/free-remontada.com\/index.php\/wp-json\/wp\/v2\/pages\/456","targetHints":{"allow":["GET"]}}],"collection":[{"href":"https:\/\/free-remontada.com\/index.php\/wp-json\/wp\/v2\/pages"}],"about":[{"href":"https:\/\/free-remontada.com\/index.php\/wp-json\/wp\/v2\/types\/page"}],"author":[{"embeddable":true,"href":"https:\/\/free-remontada.com\/index.php\/wp-json\/wp\/v2\/users\/1"}],"replies":[{"embeddable":true,"href":"https:\/\/free-remontada.com\/index.php\/wp-json\/wp\/v2\/comments?post=456"}],"version-history":[{"count":3,"href":"https:\/\/free-remontada.com\/index.php\/wp-json\/wp\/v2\/pages\/456\/revisions"}],"predecessor-version":[{"id":4059,"href":"https:\/\/free-remontada.com\/index.php\/wp-json\/wp\/v2\/pages\/456\/revisions\/4059"}],"wp:attachment":[{"href":"https:\/\/free-remontada.com\/index.php\/wp-json\/wp\/v2\/media?parent=456"}],"curies":[{"name":"wp","href":"https:\/\/api.w.org\/{rel}","templated":true}]}}