{"id":3206,"date":"2024-06-24T17:56:02","date_gmt":"2024-06-24T15:56:02","guid":{"rendered":"https:\/\/revhel-leads.fr\/?page_id=3206"},"modified":"2024-09-16T14:21:48","modified_gmt":"2024-09-16T12:21:48","slug":"ugc-content-creation","status":"publish","type":"page","link":"https:\/\/free-remontada.com\/index.php\/ugc-content-creation\/","title":{"rendered":"UGC content creation"},"content":{"rendered":"\t\t<div data-elementor-type=\"wp-page\" data-elementor-id=\"3206\" class=\"elementor elementor-3206\">\n\t\t\t\t<div class=\"elementor-element elementor-element-c4f3398 e-flex e-con-boxed e-con e-parent\" data-id=\"c4f3398\" data-element_type=\"container\">\n\t\t\t\t\t<div class=\"e-con-inner\">\n\t\t\t\t<div class=\"elementor-element elementor-element-0ac5ecf elementor-widget elementor-widget-heading\" data-id=\"0ac5ecf\" data-element_type=\"widget\" data-widget_type=\"heading.default\">\n\t\t\t\t<div class=\"elementor-widget-container\">\n\t\t\t<h4 class=\"elementor-heading-title elementor-size-default\"><p style=\"font-family: 'Dancing Script', cursive; font-size: 24px; font-weight: bold; color: #FF5722;\">\n    Il n'y a rien de plus parlant qu'une d\u00e9monstration de nos cr\u00e9ations.\n<\/p>\n<p style=\"font-family: 'Dancing Script', cursive; font-size: 20px; color: #FF5722;\">\n    Plongez au c\u0153ur de notre univers et d\u00e9couvrez comment nous donnons vie \u00e0 vos id\u00e9es, les transformant en campagnes m\u00e9morables et percutantes. Laissez-vous emporter par notre cr\u00e9ativit\u00e9 et notre expertise, capables de cr\u00e9er des concepts qui captivent et marquent durablement les esprits.\n<\/p>\n<\/h4>\t\t<\/div>\n\t\t\t\t<\/div>\n\t\t\t\t<div class=\"elementor-element elementor-element-ed8704d elementor-widget elementor-widget-video\" data-id=\"ed8704d\" data-element_type=\"widget\" data-settings=\"{&quot;video_type&quot;:&quot;hosted&quot;,&quot;controls&quot;:&quot;yes&quot;}\" data-widget_type=\"video.default\">\n\t\t\t\t<div class=\"elementor-widget-container\">\n\t\t\t\t\t<div class=\"e-hosted-video elementor-wrapper elementor-open-inline\">\n\t\t\t\t\t<video class=\"elementor-video\" src=\"https:\/\/free-remontada.com\/wp-content\/uploads\/2024\/09\/freeremontada.mp4\" controls=\"\" preload=\"metadata\" controlsList=\"nodownload\"><\/video>\n\t\t\t\t<\/div>\n\t\t\t\t<\/div>\n\t\t\t\t<\/div>\n\t\t\t\t<div class=\"elementor-element elementor-element-845f798 elementor-widget elementor-widget-heading\" data-id=\"845f798\" data-element_type=\"widget\" data-widget_type=\"heading.default\">\n\t\t\t\t<div class=\"elementor-widget-container\">\n\t\t\t<h2 class=\"elementor-heading-title elementor-size-default\"><p style=\"font-family: 'Dancing Script', cursive; font-size: 24px; font-weight: bold; color: #FF5722;\">\n    Marketing cr\u00e9atif, strat\u00e9gique et sur-mesure\n<\/p>\n<p style=\"font-family: 'Dancing Script', cursive; font-size: 20px; color: #FF5722;\">\n    Chez <strong>[Nom de ton agence]<\/strong>, nous ne faisons pas que du marketing, nous cr\u00e9ons des exp\u00e9riences uniques. Chaque projet que nous menons est con\u00e7u pour captiver l'attention, engager votre audience et transformer vos prospects en clients fid\u00e8les. Notre approche allie une cr\u00e9ativit\u00e9 sans limites \u00e0 des strat\u00e9gies parfaitement adapt\u00e9es \u00e0 vos besoins.\n<\/p>\n<p style=\"font-family: 'Dancing Script', cursive; font-size: 20px; color: #FF5722;\">\n    De la cr\u00e9ation de contenus percutants \u00e0 la mise en place de campagnes omnicanal, nous vous accompagnons dans chaque \u00e9tape pour vous d\u00e9marquer et atteindre vos objectifs. Ensemble, nous construisons des exp\u00e9riences m\u00e9morables qui laisseront une empreinte durable.\n<\/p>\n<\/h2>\t\t<\/div>\n\t\t\t\t<\/div>\n\t\t\t\t\t<\/div>\n\t\t\t\t<\/div>\n\t\t<div class=\"elementor-element elementor-element-8040f6c e-flex e-con-boxed e-con e-parent\" data-id=\"8040f6c\" data-element_type=\"container\">\n\t\t\t\t\t<div class=\"e-con-inner\">\n\t\t\t\t<div class=\"elementor-element elementor-element-6a99f07 elementor-widget elementor-widget-contact_form\" data-id=\"6a99f07\" data-element_type=\"widget\" data-widget_type=\"contact_form.default\">\n\t\t\t\t<div class=\"elementor-widget-container\">\n\t\t\t<section class=\"request-section bg-grey pt-120\">\r\n    <div class=\"bg-color\"><\/div>\r\n    <div class=\"container\">\r\n        <div class=\"row\">\r\n            <div class=\"col-lg-6\">\r\n                <div class=\"request-content wow fade-in-left\" data-wow-delay=\"400ms\">\r\n                                        <div class=\"shape\">\r\n                        <img decoding=\"async\" src=\"https:\/\/free-remontada.com\/wp-content\/themes\/optiboom\/assets\/img\/shapes\/request-shape.png\" alt=\"shape\"><\/div>\r\n                                        <div class=\"section-heading heading-2\">\r\n                        <h4 class=\"sub-heading\"> Contactez-nous<\/h4>\r\n                        <h2 class=\"section-title\">D\u00e9marquez-vous des autres acteurs qui utilisent le <span>digital<\/span><\/h2>                        <p>Qu'est-ce que vous pouvez attendre de nous ?<\/p>\r\n                    <\/div>\r\n                    <div class=\"request-form\">\r\n                                                \n<div class=\"wpcf7 no-js\" id=\"wpcf7-f3342-o1\" lang=\"en-US\" dir=\"ltr\">\n<div class=\"screen-reader-response\"><p role=\"status\" aria-live=\"polite\" aria-atomic=\"true\"><\/p> <ul><\/ul><\/div>\n<form action=\"\/index.php\/wp-json\/wp\/v2\/pages\/3206#wpcf7-f3342-o1\" method=\"post\" class=\"wpcf7-form init\" aria-label=\"Contact form\" novalidate=\"novalidate\" data-status=\"init\">\n<div style=\"display: none;\">\n<input type=\"hidden\" name=\"_wpcf7\" value=\"3342\" \/>\n<input type=\"hidden\" name=\"_wpcf7_version\" value=\"5.9.8\" \/>\n<input type=\"hidden\" name=\"_wpcf7_locale\" value=\"en_US\" \/>\n<input type=\"hidden\" name=\"_wpcf7_unit_tag\" value=\"wpcf7-f3342-o1\" \/>\n<input type=\"hidden\" name=\"_wpcf7_container_post\" value=\"0\" \/>\n<input type=\"hidden\" name=\"_wpcf7_posted_data_hash\" value=\"\" \/>\n<\/div>\n<div id=\"ajax_contact\" class=\"form-horizontal\">\n    <div class=\"form-group row\">\n        <div class=\"col-md-6\">\n            <span class=\"wpcf7-form-control-wrap\" data-name=\"fullname\"><input size=\"40\" maxlength=\"400\" class=\"wpcf7-form-control wpcf7-text wpcf7-validates-as-required form-control\" aria-required=\"true\" aria-invalid=\"false\" placeholder=\"Votre nom\" value=\"\" type=\"text\" name=\"fullname\" \/><\/span>\n        <\/div>\n        <div class=\"col-md-6\">\n            <span class=\"wpcf7-form-control-wrap\" data-name=\"your-email\"><input size=\"40\" maxlength=\"400\" class=\"wpcf7-form-control wpcf7-email wpcf7-validates-as-required wpcf7-text wpcf7-validates-as-email form-control\" aria-required=\"true\" aria-invalid=\"false\" placeholder=\"Votre e-mail\" value=\"\" type=\"email\" name=\"your-email\" \/><\/span>\n        <\/div>\n    <\/div>\n    <div class=\"form-group row\">\n        <div class=\"col-md-6\">\n            <span class=\"wpcf7-form-control-wrap\" data-name=\"phone\"><input size=\"40\" maxlength=\"400\" class=\"wpcf7-form-control wpcf7-text wpcf7-validates-as-required form-control\" aria-required=\"true\" aria-invalid=\"false\" placeholder=\"T\u00e9l\u00e9phone\" value=\"\" type=\"text\" name=\"phone\" \/><\/span>\n        <\/div>\n        <div class=\"col-md-6\">\n            <!-- Suppression du champ de s\u00e9lection \"Sort by popular\" -->\n        <\/div>\n    <\/div>\n    <div class=\"form-group row\">\n        <div class=\"col-md-12\">\n            <span class=\"wpcf7-form-control-wrap\" data-name=\"message\"><textarea cols=\"40\" rows=\"10\" maxlength=\"2000\" class=\"wpcf7-form-control wpcf7-textarea wpcf7-validates-as-required form-control\" aria-required=\"true\" aria-invalid=\"false\" placeholder=\"Votre message\" name=\"message\"><\/textarea><\/span>\n        <\/div>\n    <\/div>\n    <div class=\"submit-btn text-center\">\n        <input class=\"wpcf7-form-control wpcf7-submit has-spinner pb-primary-btn\" type=\"submit\" value=\"Envoyer un message\" \/>\n    <\/div>\n<\/div>\n\n<style>\n\/* Styles pour le bouton et les champs du formulaire *\/\n.pb-primary-btn {\n    background-color: #f0932b !important; \/* Couleur de fond visible *\/\n    color: #ffffff !important; \/* Couleur du texte contrast\u00e9e *\/\n    padding: 10px 20px; \/* Espacement interne *\/\n    border-radius: 5px; \/* Coins arrondis *\/\n    border: none; \/* Retirer les bordures *\/\n    font-size: 16px;\n    cursor: pointer;\n    transition: background-color 0.3s ease;\n}\n\n\/* Changement de couleur au survol du bouton *\/\n.pb-primary-btn:hover {\n    background-color: #d9801f !important;\n}\n\n\/* Assurer que le bouton est visible sur mobile *\/\n@media (max-width: 768px) {\n    .pb-primary-btn {\n        display: inline-block !important;\n        width: 100%; \/* Prendre toute la largeur *\/\n        background-color: #f0932b !important;\n    }\n}\n\n\/* Assurer que les champs du formulaire sont visibles correctement *\/\n.form-control {\n    background-color: #fff;\n    border: 1px solid #ccc;\n    padding: 10px;\n    font-size: 14px;\n    border-radius: 4px;\n    box-shadow: none;\n}\n\n.form-control:focus {\n    border-color: #f0932b; \/* Couleur de focus *\/\n    box-shadow: 0 0 5px rgba(240, 147, 43, 0.5);\n}\n\n<\/style><div class=\"wpcf7-response-output\" aria-hidden=\"true\"><\/div>\n<\/form>\n<\/div>\n\r\n                                            <\/div>\r\n                <\/div>\r\n            <\/div>\r\n            <div class=\"col-lg-6\">\r\n                                <div class=\"request-img text-center wow fade-in-right\" data-wow-delay=\"300ms\">\r\n                    <img decoding=\"async\" src=\"https:\/\/free-remontada.com\/wp-content\/uploads\/2024\/06\/Digital-Marketing-3.png\" alt=\"\" \/>\r\n                <\/div>\r\n                            <\/div>\r\n        <\/div>\r\n    <\/div>\r\n<\/section>\r\n<!--contact-us-start-->\r\n\r\n\r\n\r\n\t\t<\/div>\n\t\t\t\t<\/div>\n\t\t\t\t\t<\/div>\n\t\t\t\t<\/div>\n\t\t\t\t<\/div>\n\t\t","protected":false},"excerpt":{"rendered":"<p>Il n&rsquo;y a rien de plus parlant qu&rsquo;une d\u00e9monstration de nos cr\u00e9ations. Plongez au c\u0153ur de notre univers et d\u00e9couvrez comment nous donnons vie \u00e0 vos id\u00e9es, les transformant en campagnes m\u00e9morables et percutantes. Laissez-vous emporter par notre cr\u00e9ativit\u00e9 et notre expertise, capables de cr\u00e9er des concepts qui captivent et marquent durablement les esprits. https:\/\/free-remontada.com\/wp-content\/uploads\/2024\/09\/freeremontada.mp4 [&hellip;]<\/p>\n","protected":false},"author":1,"featured_media":0,"parent":0,"menu_order":0,"comment_status":"closed","ping_status":"closed","template":"","meta":{"_acf_changed":false,"footnotes":""},"class_list":["post-3206","page","type-page","status-publish","hentry"],"acf":[],"_links":{"self":[{"href":"https:\/\/free-remontada.com\/index.php\/wp-json\/wp\/v2\/pages\/3206","targetHints":{"allow":["GET"]}}],"collection":[{"href":"https:\/\/free-remontada.com\/index.php\/wp-json\/wp\/v2\/pages"}],"about":[{"href":"https:\/\/free-remontada.com\/index.php\/wp-json\/wp\/v2\/types\/page"}],"author":[{"embeddable":true,"href":"https:\/\/free-remontada.com\/index.php\/wp-json\/wp\/v2\/users\/1"}],"replies":[{"embeddable":true,"href":"https:\/\/free-remontada.com\/index.php\/wp-json\/wp\/v2\/comments?post=3206"}],"version-history":[{"count":13,"href":"https:\/\/free-remontada.com\/index.php\/wp-json\/wp\/v2\/pages\/3206\/revisions"}],"predecessor-version":[{"id":4013,"href":"https:\/\/free-remontada.com\/index.php\/wp-json\/wp\/v2\/pages\/3206\/revisions\/4013"}],"wp:attachment":[{"href":"https:\/\/free-remontada.com\/index.php\/wp-json\/wp\/v2\/media?parent=3206"}],"curies":[{"name":"wp","href":"https:\/\/api.w.org\/{rel}","templated":true}]}}