{"id":3,"date":"2024-09-10T12:21:38","date_gmt":"2024-09-10T10:21:38","guid":{"rendered":"http:\/\/free-remontada.com\/?page_id=3"},"modified":"2024-09-16T12:43:59","modified_gmt":"2024-09-16T10:43:59","slug":"politique-de-confidentialite-2","status":"publish","type":"page","link":"https:\/\/free-remontada.com\/index.php\/politique-de-confidentialite-2\/","title":{"rendered":"Politique de confidentialit\u00e9"},"content":{"rendered":"<h3><strong>Mentions l\u00e9gales<\/strong><\/h3>\n<p><strong>Propri\u00e9taire<\/strong> :<br \/>\nFREE REMONTADA, enregistr\u00e9e au 23 RUE ROLAND GARROS, 24200 SARLAT-LA-CANEDA, France.<br \/>\nN\u00b0 de SIRET : 83238277400020<br \/>\nN\u00b0 d\u2019\u00e9tablissement (NIC) : 00020<\/p>\n<p><strong>Directeur de la soci\u00e9t\u00e9<\/strong> :<br \/>\nES-SEDDIQI Elmehdi<\/p>\n<p><strong>Responsable de la publication<\/strong> :<br \/>\nLe responsable de la publication est une personne physique ou morale, \u00e0 savoir FREE REMONTADA.<\/p>\n<p><strong>H\u00e9bergeur<\/strong> :<br \/>\nLe site est h\u00e9berg\u00e9 et maintenu par OVH. Pour contacter cet h\u00e9bergeur, veuillez vous rendre \u00e0 l\u2019adresse suivante : <a href=\"https:\/\/www.ovh.com\/\" target=\"_new\" rel=\"noopener\">https:\/\/www.ovh.com\/<\/a>.<br \/>\nAdresse de l\u2019h\u00e9bergeur :<br \/>\nOVH SAS<br \/>\n2 rue Kellermann<br \/>\n59100 Roubaix \u2013 France<\/p>\n<p><strong>D\u00e9l\u00e9gu\u00e9 \u00e0 la protection des donn\u00e9es<\/strong> :<br \/>\nFREE REMONTADA, qui peut \u00eatre contact\u00e9e \u00e0 l\u2019adresse e-mail suivante : <a rel=\"noopener\">direction@free-remontada.com<\/a>.<br \/>\n<strong>Num\u00e9ro de t\u00e9l\u00e9phone<\/strong> : +33783744952<\/p>\n<h3><strong>Collecte de donn\u00e9es personnelles<\/strong><\/h3>\n<p>Nous collectons certaines informations personnelles aupr\u00e8s des utilisateurs de notre site internet et de nos services. Ces donn\u00e9es peuvent inclure, mais ne sont pas limit\u00e9es \u00e0 :<\/p>\n<ul>\n<li>Nom et pr\u00e9nom<\/li>\n<li>Adresse e-mail<\/li>\n<li>Num\u00e9ro de t\u00e9l\u00e9phone<\/li>\n<li>Adresse postale<\/li>\n<li>Sexe<\/li>\n<li>Date de naissance<\/li>\n<li>Adresse IP<\/li>\n<li>Donn\u00e9es de connexion et de navigation (cookies)<\/li>\n<\/ul>\n<h3><strong>M\u00e9thodes de collecte des donn\u00e9es personnelles<\/strong><\/h3>\n<p>Les donn\u00e9es personnelles sont collect\u00e9es via :<\/p>\n<ul>\n<li>Les formulaires de contact<\/li>\n<li>Les inscriptions \u00e0 la newsletter<\/li>\n<li>Les commandes et transactions en ligne<\/li>\n<li>Les interactions sur les r\u00e9seaux sociaux<\/li>\n<li>L\u2019utilisation de cookies et de technologies de suivi similaires<\/li>\n<\/ul>\n<h3><strong>Objectifs de la collecte des donn\u00e9es personnelles<\/strong><\/h3>\n<p>Les donn\u00e9es collect\u00e9es sont utilis\u00e9es pour :<\/p>\n<ul>\n<li>Fournir et am\u00e9liorer nos services<\/li>\n<li>G\u00e9rer les commandes et la facturation<\/li>\n<li>Personnaliser l\u2019exp\u00e9rience utilisateur<\/li>\n<li>Envoyer des communications marketing et promotionnelles<\/li>\n<li>Respecter les obligations l\u00e9gales et r\u00e9glementaires<\/li>\n<\/ul>\n<h3><strong>S\u00e9curit\u00e9 et protection des donn\u00e9es personnelles<\/strong><\/h3>\n<p>Nous mettons en \u0153uvre des mesures de s\u00e9curit\u00e9 techniques et organisationnelles pour prot\u00e9ger vos donn\u00e9es personnelles contre l\u2019acc\u00e8s non autoris\u00e9, la divulgation, la modification ou la destruction. Ces mesures incluent :<\/p>\n<ul>\n<li>Le chiffrement des donn\u00e9es<\/li>\n<li>L\u2019utilisation de pare-feu et de logiciels de s\u00e9curit\u00e9<\/li>\n<li>La restriction d\u2019acc\u00e8s aux informations personnelles aux seules personnes autoris\u00e9es<\/li>\n<\/ul>\n<h3><strong>Dur\u00e9e de conservation des donn\u00e9es personnelles<\/strong><\/h3>\n<p>Nous conservons les donn\u00e9es personnelles aussi longtemps que n\u00e9cessaire pour accomplir les finalit\u00e9s pour lesquelles elles ont \u00e9t\u00e9 collect\u00e9es, ou conform\u00e9ment aux exigences l\u00e9gales. Apr\u00e8s cette p\u00e9riode, les donn\u00e9es sont supprim\u00e9es ou anonymis\u00e9es.<\/p>\n<h3><strong>Partage des donn\u00e9es personnelles avec des tiers<\/strong><\/h3>\n<p>Nous partageons vos donn\u00e9es personnelles uniquement dans les cas suivants :<\/p>\n<ul>\n<li>Avec votre consentement explicite<\/li>\n<li>Lorsque cela est n\u00e9cessaire pour l\u2019ex\u00e9cution d\u2019un service (partenaires logistiques, prestataires techniques, etc.)<\/li>\n<li>Pour respecter nos obligations l\u00e9gales et r\u00e9glementaires<\/li>\n<li>Lorsque cela est requis par les autorit\u00e9s comp\u00e9tentes<\/li>\n<\/ul>\n<h3><strong>Droits des utilisateurs en mati\u00e8re de protection des donn\u00e9es<\/strong><\/h3>\n<p>Conform\u00e9ment \u00e0 la r\u00e9glementation applicable, vous disposez des droits suivants concernant vos donn\u00e9es personnelles :<\/p>\n<ul>\n<li>Droit d\u2019acc\u00e8s<\/li>\n<li>Droit de rectification<\/li>\n<li>Droit \u00e0 l\u2019effacement (\u00ab droit \u00e0 l\u2019oubli \u00bb)<\/li>\n<li>Droit \u00e0 la limitation du traitement<\/li>\n<li>Droit \u00e0 la portabilit\u00e9 des donn\u00e9es<\/li>\n<li>Droit d\u2019opposition au traitement<\/li>\n<\/ul>\n<p>Pour exercer ces droits, vous pouvez nous contacter par e-mail \u00e0 : <a rel=\"noopener\">direction@free-remontada.com<\/a>.<\/p>\n<h3><strong>Cookies et technologies de suivi<\/strong><\/h3>\n<p>Nous utilisons des cookies et d\u2019autres technologies de suivi pour am\u00e9liorer l\u2019exp\u00e9rience utilisateur, analyser l\u2019utilisation du site, et personnaliser les contenus et publicit\u00e9s. Vous pouvez d\u00e9sactiver les cookies en modifiant les param\u00e8tres de votre navigate<\/p>\n<h3><strong>Date de derni\u00e8re mise \u00e0 jour des mentions l\u00e9gales :<\/strong><\/h3>\n<p>01-06-2024<\/p>\n","protected":false},"excerpt":{"rendered":"<p>Mentions l\u00e9gales Propri\u00e9taire : FREE REMONTADA, enregistr\u00e9e au 23 RUE ROLAND GARROS, 24200 SARLAT-LA-CANEDA, France. N\u00b0 de SIRET : 83238277400020 N\u00b0 d\u2019\u00e9tablissement (NIC) : 00020 Directeur de la soci\u00e9t\u00e9 : ES-SEDDIQI Elmehdi Responsable de la publication : Le responsable de la publication est une personne physique ou morale, \u00e0 savoir FREE REMONTADA. H\u00e9bergeur : Le [&hellip;]<\/p>\n","protected":false},"author":1,"featured_media":0,"parent":0,"menu_order":0,"comment_status":"closed","ping_status":"open","template":"","meta":{"_acf_changed":false,"footnotes":""},"class_list":["post-3","page","type-page","status-publish","hentry"],"acf":[],"_links":{"self":[{"href":"https:\/\/free-remontada.com\/index.php\/wp-json\/wp\/v2\/pages\/3","targetHints":{"allow":["GET"]}}],"collection":[{"href":"https:\/\/free-remontada.com\/index.php\/wp-json\/wp\/v2\/pages"}],"about":[{"href":"https:\/\/free-remontada.com\/index.php\/wp-json\/wp\/v2\/types\/page"}],"author":[{"embeddable":true,"href":"https:\/\/free-remontada.com\/index.php\/wp-json\/wp\/v2\/users\/1"}],"replies":[{"embeddable":true,"href":"https:\/\/free-remontada.com\/index.php\/wp-json\/wp\/v2\/comments?post=3"}],"version-history":[{"count":3,"href":"https:\/\/free-remontada.com\/index.php\/wp-json\/wp\/v2\/pages\/3\/revisions"}],"predecessor-version":[{"id":3980,"href":"https:\/\/free-remontada.com\/index.php\/wp-json\/wp\/v2\/pages\/3\/revisions\/3980"}],"wp:attachment":[{"href":"https:\/\/free-remontada.com\/index.php\/wp-json\/wp\/v2\/media?parent=3"}],"curies":[{"name":"wp","href":"https:\/\/api.w.org\/{rel}","templated":true}]}}