{"id":164,"date":"2024-02-27T07:39:46","date_gmt":"2024-02-27T07:39:46","guid":{"rendered":"https:\/\/rrdevs.net\/demos\/wp\/optiboom\/?page_id=164"},"modified":"2024-09-16T16:22:13","modified_gmt":"2024-09-16T14:22:13","slug":"home-el","status":"publish","type":"page","link":"https:\/\/free-remontada.com\/","title":{"rendered":"Home"},"content":{"rendered":"\t\t<div data-elementor-type=\"wp-page\" data-elementor-id=\"164\" class=\"elementor elementor-164\">\n\t\t\t\t<div class=\"elementor-element elementor-element-8cfe7e3 e-con-full e-flex e-con e-parent\" data-id=\"8cfe7e3\" data-element_type=\"container\">\n\t\t\t\t<div class=\"elementor-element elementor-element-ec2665a elementor-widget elementor-widget-optiboom_hero\" data-id=\"ec2665a\" data-element_type=\"widget\" data-widget_type=\"optiboom_hero.default\">\n\t\t\t\t<div class=\"elementor-widget-container\">\n\t\t\t\r\n\t\t\r\n            <section class=\"hero-section\" data-background=\"\">\r\n                \r\n                <div class=\"container\">\r\n                    <div class=\"row align-items-center\">\r\n                        <div class=\"col-lg-6\">\r\n                            <div class=\"hero-content md-pb-20\">\r\n                                                                <h1 class=\"title tracking-in-expand wow fade-in-bottom\" data-wow-delay=\"300ms\"><span class=\"shape-text\"><span class=\"shape-text\">Lib\u00e9rez votre <img decoding=\"async\" class=\"shape\" src=\"https:\/\/wp.rrdevs.net\/optiboom\/wp-content\/uploads\/2024\/02\/hero-text-shape.png\" alt=\"shape\"><\/span> Marketing <span class=\"gradient-text\">en ligne<\/span>\n<\/h1>\r\n                                \r\n                                                                <p class=\"wow fade-in-bottom\" data-wow-delay=\"500ms\">Boostez votre visibilit\u00e9 avec des strat\u00e9gies marketing sur-mesure qui transforment vos id\u00e9es en succ\u00e8s. Laissez-nous propulser votre marque l\u00e0 o\u00f9 elle m\u00e9rite d\u2019\u00eatre, gr\u00e2ce \u00e0 des campagnes innovantes et percutantes. Ensemble, faisons de votre entreprise une r\u00e9f\u00e9rence incontournable<\/p>\r\n                                \r\n                                \r\n                                \r\n                            <\/div>\r\n                        <\/div>\r\n                        <div class=\"col-lg-6\">\r\n                            <div class=\"hero-thumb text-center\">\r\n                                \r\n                                <div class=\"hero-counter\">\r\n                                    \r\n                                    <div class=\"counter-content\">\r\n                                        <h3 class=\"title\"><span class=\"odometer\" data-count=\"500\">0<\/span>+<\/h3>\r\n\r\n                                                                                <p>Clients satisfaits<\/p>\r\n                                                                            <\/div>\r\n                                <\/div>\r\n\r\n                                                                <img decoding=\"async\" src=\"https:\/\/free-remontada.com\/wp-content\/uploads\/2024\/06\/hero-img-1.png\" alt=\"\">\r\n                                                            <\/div>\r\n                        <\/div>\r\n                    <\/div>\r\n                <\/div>\r\n            <\/section>\r\n\r\n        \r\n\t\t\t\t<\/div>\n\t\t\t\t<\/div>\n\t\t\t\t<\/div>\n\t\t<div class=\"elementor-element elementor-element-125d15d e-con-full e-flex e-con e-parent\" data-id=\"125d15d\" data-element_type=\"container\">\n\t\t\t\t<div class=\"elementor-element elementor-element-d1acee7 elementor-widget elementor-widget-optiboom_services\" data-id=\"d1acee7\" data-element_type=\"widget\" data-widget_type=\"optiboom_services.default\">\n\t\t\t\t<div class=\"elementor-widget-container\">\n\t\t\t\r\n\r\n<section class=\"service-section pt-120\">\r\n    <div class=\"container\">\r\n        <div class=\"row justify-content-center gy-lg-0 gy-4\">\r\n                        <div class=\"col-lg-4 col-md-6\">\r\n                <div class=\"service-item text-center wow fade-in-bottom\" data-wow-delay=\"400ms\">\r\n                    <div class=\"service-icon\">\r\n                                                <img decoding=\"async\" class=\"img-fluid\" src=\"https:\/\/wp.rrdevs.net\/optiboom\/wp-content\/uploads\/2024\/02\/service-icon-2.png\"\r\n                            alt=\"\">\r\n                                                                    <\/div>\r\n                    <div class=\"service-content\">\r\n                                                <h3 class=\"title\"><a\r\n                                href=\"https:\/\/free-remontada.com\/index.php\/ai-section\/\">AI  <\/a>\r\n                        <\/h3>\r\n                                                                        <p>L'intelligence artificielle r\u00e9volutionne le marketing en permettant des analyses pr\u00e9dictives et des campagnes ultra-personnalis\u00e9es. Avec l'IA, nous optimisons vos strat\u00e9gies pour atteindre vos clients au bon moment et maximiser votre impact. <\/p>\r\n                                            <\/div>\r\n                    <div class=\"service-btn\">\r\n                        <a href=\"https:\/\/free-remontada.com\/index.php\/ai-section\/\"><i class=\"fa-solid fa-arrow-right\"><\/i><\/a>\r\n                    <\/div>\r\n                <\/div>\r\n            <\/div>\r\n                        <div class=\"col-lg-4 col-md-6\">\r\n                <div class=\"service-item text-center wow fade-in-bottom\" data-wow-delay=\"400ms\">\r\n                    <div class=\"service-icon\">\r\n                                                <img decoding=\"async\" class=\"img-fluid\" src=\"https:\/\/wp.rrdevs.net\/optiboom\/wp-content\/uploads\/2024\/02\/service-icon-3.png\"\r\n                            alt=\"\">\r\n                                                                    <\/div>\r\n                    <div class=\"service-content\">\r\n                                                <h3 class=\"title\"><a\r\n                                href=\"https:\/\/free-remontada.com\/index.php\/ugc-content-creation\/\">Cr\u00e9ation de contenu UGC<\/a>\r\n                        <\/h3>\r\n                                                                        <p>Le contenu g\u00e9n\u00e9r\u00e9 par les utilisateurs (UGC) est la cl\u00e9 pour engager votre audience de mani\u00e8re authentique. Nous transformons les voix de vos clients en un puissant levier marketing, renfor\u00e7ant la confiance et la fid\u00e9lit\u00e9 autour de votre marque <\/p>\r\n                                            <\/div>\r\n                    <div class=\"service-btn\">\r\n                        <a href=\"https:\/\/free-remontada.com\/index.php\/ugc-content-creation\/\"><i class=\"fa-solid fa-arrow-right\"><\/i><\/a>\r\n                    <\/div>\r\n                <\/div>\r\n            <\/div>\r\n                    <\/div>\r\n    <\/div>\r\n<\/section>\r\n\r\n\t\t<\/div>\n\t\t\t\t<\/div>\n\t\t\t\t<div class=\"elementor-element elementor-element-cc2dcab elementor-widget elementor-widget-video\" data-id=\"cc2dcab\" data-element_type=\"widget\" data-settings=\"{&quot;video_type&quot;:&quot;hosted&quot;,&quot;autoplay&quot;:&quot;yes&quot;,&quot;mute&quot;:&quot;yes&quot;,&quot;loop&quot;:&quot;yes&quot;,&quot;controls&quot;:&quot;yes&quot;}\" data-widget_type=\"video.default\">\n\t\t\t\t<div class=\"elementor-widget-container\">\n\t\t\t\t\t<div class=\"e-hosted-video elementor-wrapper elementor-open-inline\">\n\t\t\t\t\t<video class=\"elementor-video\" src=\"https:\/\/free-remontada.com\/wp-content\/uploads\/2024\/09\/freeremontada1.mp4\" autoplay=\"\" loop=\"\" controls=\"\" muted=\"muted\" controlsList=\"nodownload\"><\/video>\n\t\t\t\t<\/div>\n\t\t\t\t<\/div>\n\t\t\t\t<\/div>\n\t\t\t\t<\/div>\n\t\t<div class=\"elementor-element elementor-element-0ab2329 e-con-full e-flex e-con e-parent\" data-id=\"0ab2329\" data-element_type=\"container\">\n\t\t\t\t<div class=\"elementor-element elementor-element-ca2c526 elementor-widget elementor-widget-optiboom_what_we_do\" data-id=\"ca2c526\" data-element_type=\"widget\" data-widget_type=\"optiboom_what_we_do.default\">\n\t\t\t\t<div class=\"elementor-widget-container\">\n\t\t\t\r\n        \r\n            <section class=\"skill-section pb-120\">\r\n                <div class=\"container\">\r\n                    <div class=\"row skill-wrap gy-lg-0 gy-4 align-items-center\">\r\n                        <div class=\"col-lg-6\">\r\n                            <div class=\"skill-content\">\r\n                                <div class=\"section-heading heading-2\">\r\n                                                                            <h4 class=\"sub-heading wow fade-in-left\" data-wow-delay=\"300ms\">\r\n                                            Nos Projets                                        <\/h4>\r\n                                                                        <h2 class=\"section-title wow fade-in-left\" data-wow-delay=\"400ms\">G\u00e9n\u00e9rez plus de <span>trafic<\/span>, obtenez plus de ventes<\/h2>                                                                            <p class=\"wow fade-in-left\" data-wow-delay=\"500ms\">\r\n                                            Augmentez votre visibilit\u00e9 en ligne et boostez vos ventes gr\u00e2ce \u00e0 des strat\u00e9gies marketing cibl\u00e9es. Attirez plus de visiteurs sur votre site et transformez-les en clients fid\u00e8les avec des campagnes efficaces et personnalis\u00e9es.                                        <\/p>\r\n                                                                    <\/div>\r\n                                <div class=\"skills-items\">\r\n                                                                        <div class=\"skills-item wow fade-in-left\" data-wow-delay=\"600ms\">\r\n                                        <div class=\"item-content\">\r\n                                                                                            <h4 class=\"title\">\r\n                                                    Gagner de l'argent gr\u00e2ce \u00e0 un tunnel de vente am\u00e9lior\u00e9                                                <\/h4>\r\n                                                                                                                                        <span>\u20ac4000<\/span>\r\n                                                                                    <\/div>\r\n                                        <div class=\"progress\">\r\n                                            <div class=\"progress-bar wow slideInLeft\" data-wow-delay=\"0ms\" data-wow-duration=\"2000ms\" role=\"progressbar\" style=\"width: 80%;\">\r\n                                                <span data-background=\"https:\/\/free-remontada.com\/wp-content\/themes\/optiboom\/assets\/img\/shapes\/skill-shape.png\">\r\n                                                    80%\r\n                                                <\/span>\r\n                                                <div class=\"dot\"><\/div>\r\n                                            <\/div>\r\n                                        <\/div>\r\n                                    <\/div>\r\n                                                                        <div class=\"skills-item wow fade-in-left\" data-wow-delay=\"600ms\">\r\n                                        <div class=\"item-content\">\r\n                                                                                            <h4 class=\"title\">\r\n                                                    Augmentation du chiffre d'affaires                                                 <\/h4>\r\n                                                                                                                                        <span>1 Mois<\/span>\r\n                                                                                    <\/div>\r\n                                        <div class=\"progress\">\r\n                                            <div class=\"progress-bar wow slideInLeft\" data-wow-delay=\"0ms\" data-wow-duration=\"2000ms\" role=\"progressbar\" style=\"width: 70%;\">\r\n                                                <span data-background=\"https:\/\/free-remontada.com\/wp-content\/themes\/optiboom\/assets\/img\/shapes\/skill-shape.png\">\r\n                                                    70%\r\n                                                <\/span>\r\n                                                <div class=\"dot\"><\/div>\r\n                                            <\/div>\r\n                                        <\/div>\r\n                                    <\/div>\r\n                                                                    <\/div>\r\n                            <\/div>\r\n                        <\/div>\r\n                        <div class=\"col-lg-6\">\r\n                                                            <div class=\"skill-img wow fade-in-right\" data-wow-delay=\"500ms\">\r\n                                    <img decoding=\"async\" src=\"https:\/\/free-remontada.com\/wp-content\/uploads\/2024\/06\/skill-img-1.png\" alt=\"\">\r\n                                <\/div>\r\n                                                    <\/div>\r\n                    <\/div>\r\n                <\/div>\r\n            <\/section>\r\n\r\n        \t\t<\/div>\n\t\t\t\t<\/div>\n\t\t\t\t<\/div>\n\t\t\t\t<\/div>\n\t\t","protected":false},"excerpt":{"rendered":"<p>Lib\u00e9rez votre Marketing en ligne Boostez votre visibilit\u00e9 avec des strat\u00e9gies marketing sur-mesure qui transforment vos id\u00e9es en succ\u00e8s. Laissez-nous propulser votre marque l\u00e0 o\u00f9 elle m\u00e9rite d\u2019\u00eatre, gr\u00e2ce \u00e0 des campagnes innovantes et percutantes. Ensemble, faisons de votre entreprise une r\u00e9f\u00e9rence incontournable 0+ Clients satisfaits AI L&rsquo;intelligence artificielle r\u00e9volutionne le marketing en permettant des [&hellip;]<\/p>\n","protected":false},"author":1,"featured_media":0,"parent":0,"menu_order":0,"comment_status":"closed","ping_status":"closed","template":"","meta":{"_acf_changed":false,"footnotes":""},"class_list":["post-164","page","type-page","status-publish","hentry"],"acf":[],"_links":{"self":[{"href":"https:\/\/free-remontada.com\/index.php\/wp-json\/wp\/v2\/pages\/164","targetHints":{"allow":["GET"]}}],"collection":[{"href":"https:\/\/free-remontada.com\/index.php\/wp-json\/wp\/v2\/pages"}],"about":[{"href":"https:\/\/free-remontada.com\/index.php\/wp-json\/wp\/v2\/types\/page"}],"author":[{"embeddable":true,"href":"https:\/\/free-remontada.com\/index.php\/wp-json\/wp\/v2\/users\/1"}],"replies":[{"embeddable":true,"href":"https:\/\/free-remontada.com\/index.php\/wp-json\/wp\/v2\/comments?post=164"}],"version-history":[{"count":51,"href":"https:\/\/free-remontada.com\/index.php\/wp-json\/wp\/v2\/pages\/164\/revisions"}],"predecessor-version":[{"id":4023,"href":"https:\/\/free-remontada.com\/index.php\/wp-json\/wp\/v2\/pages\/164\/revisions\/4023"}],"wp:attachment":[{"href":"https:\/\/free-remontada.com\/index.php\/wp-json\/wp\/v2\/media?parent=164"}],"curies":[{"name":"wp","href":"https:\/\/api.w.org\/{rel}","templated":true}]}}